{"id":7768,"date":"2022-05-05T17:37:56","date_gmt":"2022-05-05T15:37:56","guid":{"rendered":"https:\/\/www.shop4well.com\/?post_type=product&#038;p=7768"},"modified":"2024-10-23T11:31:46","modified_gmt":"2024-10-23T09:31:46","slug":"vitamin-b12-1750-tropfen-50ml","status":"publish","type":"product","link":"https:\/\/www.shop4well.com\/fr\/produkt\/vitamin-b12-1750-tropfen-50ml\/","title":{"rendered":"Vitamin B12 &#8211; 1750 Tropfen = 50ml"},"content":{"rendered":"<p>[et_pb_section fb_built=\u00a0\u00bb1&Prime; custom_padding_last_edited=\u00a0\u00bbon|tablet\u00a0\u00bb next_background_color=\u00a0\u00bb#ffffff\u00a0\u00bb admin_label=\u00a0\u00bbHero\u00a0\u00bb _builder_version=\u00a0\u00bb4.16&Prime; use_background_color_gradient=\u00a0\u00bbon\u00a0\u00bb background_color_gradient_type=\u00a0\u00bbcircular\u00a0\u00bb background_color_gradient_direction_radial=\u00a0\u00bbtop right\u00a0\u00bb background_color_gradient_stops=\u00a0\u00bbrgba(255,255,255,0) 20%|rgba(1,77,183,0.9) 100%\u00a0\u00bb background_color_gradient_overlays_image=\u00a0\u00bbon\u00a0\u00bb background_color_gradient_start=\u00a0\u00bbrgba(255,255,255,0)\u00a0\u00bb background_color_gradient_start_position=\u00a0\u00bb20%\u00a0\u00bb background_color_gradient_end=\u00a0\u00bbrgba(1,77,183,0.9)\u00a0\u00bb background_image=\u00a0\u00bbhttps:\/\/www.shop4well.com\/wp-content\/uploads\/2019\/10\/header_natur.jpg\u00a0\u00bb custom_padding=\u00a0\u00bb27px|0px|0px|0px|false|false\u00a0\u00bb custom_padding_tablet=\u00a0\u00bb50px||50px||true\u00a0\u00bb custom_padding_phone=\u00a0\u00bb|||\u00a0\u00bb bottom_divider_style=\u00a0\u00bbasymmetric\u00a0\u00bb bottom_divider_height=\u00a0\u00bb50px\u00a0\u00bb bottom_divider_flip=\u00a0\u00bbhorizontal\u00a0\u00bb bottom_divider_height_tablet=\u00a0\u00bb90px\u00a0\u00bb bottom_divider_height_phone=\u00a0\u00bb80px\u00a0\u00bb background_color_gradient_stops_tablet=\u00a0\u00bbrgba(255,255,255,0) 20%|rgba(1,77,183,0.9) 100%\u00a0\u00bb background_color_gradient_stops_phone=\u00a0\u00bbrgba(255,255,255,0) 20%|rgba(1,77,183,0.9) 100%\u00a0\u00bb global_module=\u00a0\u00bb490&Prime; saved_tabs=\u00a0\u00bball\u00a0\u00bb collapsed=\u00a0\u00bboff\u00a0\u00bb global_colors_info=\u00a0\u00bb{}\u00a0\u00bb][et_pb_row column_structure=\u00a0\u00bb1_3,1_3,1_3&Prime; _builder_version=\u00a0\u00bb4.16&Prime; custom_width_px=\u00a0\u00bb1280px\u00a0\u00bb global_colors_info=\u00a0\u00bb{}\u00a0\u00bb][et_pb_column type=\u00a0\u00bb1_3&Prime; _builder_version=\u00a0\u00bb4.16&Prime; custom_padding=\u00a0\u00bb|||\u00a0\u00bb global_colors_info=\u00a0\u00bb{}\u00a0\u00bb custom_padding__hover=\u00a0\u00bb|||\u00a0\u00bb][et_pb_text admin_label=\u00a0\u00bbText\u00a0\u00bb _builder_version=\u00a0\u00bb4.16&Prime; text_font=\u00a0\u00bbMontserrat||||||||\u00a0\u00bb text_text_color=\u00a0\u00bbrgba(255,255,255,0.7)\u00a0\u00bb text_font_size=\u00a0\u00bb20px\u00a0\u00bb text_line_height=\u00a0\u00bb1.8em\u00a0\u00bb header_font=\u00a0\u00bbMontserrat|700|||||||\u00a0\u00bb header_font_size=\u00a0\u00bb44px\u00a0\u00bb header_line_height=\u00a0\u00bb1.4em\u00a0\u00bb header_6_font=\u00a0\u00bbMontserrat|600||on|||||\u00a0\u00bb header_6_text_color=\u00a0\u00bbrgba(255,255,255,0.7)\u00a0\u00bb header_6_font_size=\u00a0\u00bb16px\u00a0\u00bb header_6_letter_spacing=\u00a0\u00bb2px\u00a0\u00bb header_6_line_height=\u00a0\u00bb1.5em\u00a0\u00bb background_layout=\u00a0\u00bbdark\u00a0\u00bb max_width=\u00a0\u00bb780px\u00a0\u00bb text_font_size_tablet=\u00a0\u00bb\u00a0\u00bb text_font_size_phone=\u00a0\u00bb15px\u00a0\u00bb text_font_size_last_edited=\u00a0\u00bbon|phone\u00a0\u00bb header_font_size_tablet=\u00a0\u00bb\u00a0\u00bb header_font_size_phone=\u00a0\u00bb28px\u00a0\u00bb header_font_size_last_edited=\u00a0\u00bbon|phone\u00a0\u00bb global_colors_info=\u00a0\u00bb{}\u00a0\u00bb]<\/p>\n<p><img data-recalc-dims=\"1\" loading=\"lazy\" decoding=\"async\" class=\"wp-image-125 alignnone size-full\" src=\"https:\/\/i0.wp.com\/www.shop4well.com\/wp-content\/uploads\/2019\/07\/Logo_shop4well.png?resize=258%2C145&#038;ssl=1\" alt=\"\" width=\"258\" height=\"145\" \/><\/p>\n<p>[\/et_pb_text][\/et_pb_column][et_pb_column type=\u00a0\u00bb1_3&Prime; _builder_version=\u00a0\u00bb4.16&Prime; global_colors_info=\u00a0\u00bb{}\u00a0\u00bb][et_pb_text _builder_version=\u00a0\u00bb4.16&Prime; custom_padding=\u00a0\u00bb||50px|||\u00a0\u00bb global_colors_info=\u00a0\u00bb{}\u00a0\u00bb]<\/p>\n<p><span style=\"color: #fcfcfc;\">Wir sind stolz darauf, dass 98% aller Bestellungen innerhalb von 3 Werktagen nach Zahlungseingang beim Kunden eintreffen. Dies gilt auch f\u00fcr unsere Schweizer Kunden.<\/span><\/p>\n<p>[\/et_pb_text][\/et_pb_column][et_pb_column type=\u00a0\u00bb1_3&Prime; _builder_version=\u00a0\u00bb4.16&Prime; global_colors_info=\u00a0\u00bb{}\u00a0\u00bb][et_pb_image src=\u00a0\u00bbhttps:\/\/www.shop4well.com\/wp-content\/uploads\/2022\/04\/48h_apost_zollfrei.png\u00a0\u00bb alt=\u00a0\u00bb48h_apost_zollfrei\u00a0\u00bb title_text=\u00a0\u00bb48h_apost_zollfrei\u00a0\u00bb align=\u00a0\u00bbcenter\u00a0\u00bb src_tablet=\u00a0\u00bb\u00a0\u00bb src_phone=\u00a0\u00bb\u00a0\u00bb src_last_edited=\u00a0\u00bbon|phone\u00a0\u00bb _builder_version=\u00a0\u00bb4.16&Prime; width=\u00a0\u00bb100%\u00a0\u00bb max_width=\u00a0\u00bb45%\u00a0\u00bb global_colors_info=\u00a0\u00bb{}\u00a0\u00bb][\/et_pb_image][\/et_pb_column][\/et_pb_row][\/et_pb_section][et_pb_section fb_built=\u00a0\u00bb1&Prime; _builder_version=\u00a0\u00bb4.16&Prime; custom_padding=\u00a0\u00bb0px||||false|false\u00a0\u00bb global_colors_info=\u00a0\u00bb{}\u00a0\u00bb][et_pb_row _builder_version=\u00a0\u00bb4.16&Prime; background_size=\u00a0\u00bbinitial\u00a0\u00bb background_position=\u00a0\u00bbtop_left\u00a0\u00bb background_repeat=\u00a0\u00bbrepeat\u00a0\u00bb width=\u00a0\u00bb100%\u00a0\u00bb custom_padding=\u00a0\u00bb0px||0px||false|false\u00a0\u00bb global_colors_info=\u00a0\u00bb{}\u00a0\u00bb][et_pb_column type=\u00a0\u00bb4_4&Prime; _builder_version=\u00a0\u00bb4.16&Prime; custom_padding=\u00a0\u00bb|||\u00a0\u00bb global_colors_info=\u00a0\u00bb{}\u00a0\u00bb custom_padding__hover=\u00a0\u00bb|||\u00a0\u00bb][et_pb_wc_breadcrumb _builder_version=\u00a0\u00bb4.16&Prime; global_colors_info=\u00a0\u00bb{}\u00a0\u00bb][\/et_pb_wc_breadcrumb][et_pb_wc_cart_notice _builder_version=\u00a0\u00bb4.16&Prime; global_colors_info=\u00a0\u00bb{}\u00a0\u00bb][\/et_pb_wc_cart_notice][\/et_pb_column][\/et_pb_row][et_pb_row column_structure=\u00a0\u00bb1_2,1_2&Prime; _builder_version=\u00a0\u00bb4.16&Prime; background_size=\u00a0\u00bbinitial\u00a0\u00bb background_position=\u00a0\u00bbtop_left\u00a0\u00bb background_repeat=\u00a0\u00bbrepeat\u00a0\u00bb width=\u00a0\u00bb100%\u00a0\u00bb custom_padding=\u00a0\u00bb0px||||false|false\u00a0\u00bb global_colors_info=\u00a0\u00bb{}\u00a0\u00bb][et_pb_column type=\u00a0\u00bb1_2&Prime; _builder_version=\u00a0\u00bb4.16&Prime; custom_padding=\u00a0\u00bb|||\u00a0\u00bb global_colors_info=\u00a0\u00bb{}\u00a0\u00bb custom_padding__hover=\u00a0\u00bb|||\u00a0\u00bb][et_pb_wc_images _builder_version=\u00a0\u00bb4.16&Prime; global_colors_info=\u00a0\u00bb{}\u00a0\u00bb][\/et_pb_wc_images][\/et_pb_column][et_pb_column type=\u00a0\u00bb1_2&Prime; _builder_version=\u00a0\u00bb4.16&Prime; custom_padding=\u00a0\u00bb|||\u00a0\u00bb global_colors_info=\u00a0\u00bb{}\u00a0\u00bb custom_padding__hover=\u00a0\u00bb|||\u00a0\u00bb][et_pb_wc_title _builder_version=\u00a0\u00bb4.16&Prime; global_colors_info=\u00a0\u00bb{}\u00a0\u00bb][\/et_pb_wc_title][et_pb_wc_rating _builder_version=\u00a0\u00bb4.16&Prime; global_colors_info=\u00a0\u00bb{}\u00a0\u00bb][\/et_pb_wc_rating][et_pb_wc_price _builder_version=\u00a0\u00bb4.16&Prime; global_colors_info=\u00a0\u00bb{}\u00a0\u00bb][\/et_pb_wc_price][et_pb_wc_description _builder_version=\u00a0\u00bb4.16&Prime; global_colors_info=\u00a0\u00bb{}\u00a0\u00bb][\/et_pb_wc_description][et_pb_wc_add_to_cart _builder_version=\u00a0\u00bb4.16&Prime; global_colors_info=\u00a0\u00bb{}\u00a0\u00bb][\/et_pb_wc_add_to_cart][et_pb_wc_meta _builder_version=\u00a0\u00bb4.16&Prime; global_colors_info=\u00a0\u00bb{}\u00a0\u00bb][\/et_pb_wc_meta][\/et_pb_column][\/et_pb_row][et_pb_row _builder_version=\u00a0\u00bb4.16&Prime; background_size=\u00a0\u00bbinitial\u00a0\u00bb background_position=\u00a0\u00bbtop_left\u00a0\u00bb background_repeat=\u00a0\u00bbrepeat\u00a0\u00bb width=\u00a0\u00bb100%\u00a0\u00bb global_colors_info=\u00a0\u00bb{}\u00a0\u00bb][et_pb_column type=\u00a0\u00bb4_4&Prime; _builder_version=\u00a0\u00bb4.16&Prime; custom_padding=\u00a0\u00bb|||\u00a0\u00bb global_colors_info=\u00a0\u00bb{}\u00a0\u00bb custom_padding__hover=\u00a0\u00bb|||\u00a0\u00bb][et_pb_wc_tabs _builder_version=\u00a0\u00bb4.16&Prime; global_colors_info=\u00a0\u00bb{}\u00a0\u00bb] [\/et_pb_wc_tabs][et_pb_wc_upsells _builder_version=\u00a0\u00bb4.16&Prime; global_colors_info=\u00a0\u00bb{}\u00a0\u00bb][\/et_pb_wc_upsells][et_pb_wc_related_products _builder_version=\u00a0\u00bb4.16&Prime; global_colors_info=\u00a0\u00bb{}\u00a0\u00bb][\/et_pb_wc_related_products][\/et_pb_column][\/et_pb_row][\/et_pb_section]<\/p>\n","protected":false},"excerpt":{"rendered":"<p>inkl. gesetzlicher MwSt., Versandkostenfrei<\/p>\n<p><strong>Menge:<\/strong> 50ml<\/p>\n<hr \/>\n<p><strong>Vitamin B12 fl\u00fcssig 1750 Tropfen = 50 ml<\/strong><\/p>\n<ul class=\"uldot\">\n<li>Vitamin B12, Vegan, Hochbioverf\u00fcgbar<\/li>\n<li>Un\u00fcbertroffen in Reinheit und Qualit\u00e4t<\/li>\n<li>frei von Aromen, Farbstoffen, Stabilisatoren, Magnesiumstearat,<\/li>\n<li>frei von Konservierungsstoffe, gentechnikfrei, laktosefrei, glutenfrei &amp; gelatinefrei.<\/li>\n<li>Einfach zu dosieren mit hochwertiger Pipette<\/li>\n<li>Sehr gutes Preis\/Leistungsverh\u00e4ltnis<\/li>\n<\/ul>\n<hr \/>\n<p><span class=\"text\"><strong>Lieferzeit:<\/strong> nur 1-3 Werktage<br \/>\n<strong>Gratis Versand<\/strong><br \/>\n<\/span><img loading=\"lazy\" decoding=\"async\" class=\"alignnone wp-image-215\" src=\"https:\/\/www.shop4well.com\/wp-content\/uploads\/2019\/06\/swisspost_logo-300x88.png\" alt=\"\" width=\"146\" height=\"34\" \/><br \/>\n<strong>Zahlungsarten:<\/strong><br \/>\n<img loading=\"lazy\" decoding=\"async\" class=\"alignnone wp-image-734 size-medium\" src=\"https:\/\/www.shop4well.com\/wp-content\/uploads\/2020\/03\/visa_mc_ae-300x36.png\" alt=\"\" width=\"300\" height=\"36\" srcset=\"https:\/\/i0.wp.com\/www.shop4well.com\/wp-content\/uploads\/2020\/03\/visa_mc_ae.png?resize=300%2C36&amp;ssl=1 300w, https:\/\/i0.wp.com\/www.shop4well.com\/wp-content\/uploads\/2020\/03\/visa_mc_ae.png?w=397&amp;ssl=1 397w\" sizes=\"(max-width: 300px) 100vw, 300px\" \/><\/p>\n","protected":false},"featured_media":7772,"comment_status":"open","ping_status":"closed","template":"","meta":{"_et_pb_use_builder":"on","_et_pb_old_content":"<strong>Inhalt:<\/strong> Wasser, Alkohol (5,8 %), Vitamin B12 (Methylcobalamin, Hydroxocobalamin, Adenosylcobalamin).\r\n<strong>Inhaltstoffe pro Tropfen:<\/strong> 200ug Vitamin B12\r\n<strong>Verzehrempfehlung:<\/strong> 1 Tropfen t\u00e4glich\r\n<strong>Menge:<\/strong> 50ml = 1750 Tropfen\r\n<strong>Lagerung:<\/strong> Dunkel und k\u00fchl lagern\r\n\r\n<span class=\"d2edcug0 hpfvmrgz qv66sw1b c1et5uql lr9zc1uh a8c37x1j keod5gw0 nxhoafnm aigsh9s9 d3f4x2em fe6kdd0r mau55g9w c8b282yb iv3no6db jq4qci2q a3bd9o3v knj5qynh oo9gr5id hzawbc8m\" dir=\"auto\"><strong>Infos\r\n<\/strong><\/span>Vitamin B12 das Multitalent. Vitamin B12 ist ein essentielles Vitamin und z\u00e4hlt zu der Gruppe der B-Vitamine (B-Komplex), welche alle als Vorstufen f\u00fcr Koenzyme dienen und zu der Familie der wasserl\u00f6slichen Vitamine z\u00e4hlen. Wasserl\u00f6sliche Vitamine werden durch das Blut, den Magen, Darm und die Zellzwischenr\u00e4ume transportiert und aufgenommen. Diese werden von unserem K\u00f6rper sofort verarbeitet und nicht gespeichert. Vitamin B12 stellt hier allerdings die Ausnahme dar und ist das einzige wasserl\u00f6sliche Vitamin, welches eine Depot-Funktion besitzt und haupts\u00e4chlich in der Leber gespeichert wird.\u00a0Dies ist wohl auch einer der Gr\u00fcnde, weshalb das Vitamin B12 eine Art Sonderstellung unter den B-Vitaminen einnimmt.\r\n\r\nVitamin B12 ist sowohl das gr\u00f6\u00dfte, als auch das komplexeste Vitamin und enth\u00e4lt als einziges Vitamin das metallische Element Cobalt, welches dem Vitamin auch seinen Namen Cobalamin zu verdanken hat. Der menschliche K\u00f6rper ist selber nicht in der Lage, Vitamin B12 zu bilden, aus diesem Grund ist es lebensnotwendig, Vitamin B12 \u00fcber die Nahrung oder Nahrungserg\u00e4nzung aufzunehmen. Da Vitamin B12 allerdings vorrangig in tierischen Nahrungsmitteln zu finden ist, ist eine zus\u00e4tzliche\u00a0Supplementierung gerade f\u00fcr Veganer und Vegetarier umso wichtiger, da hier schnell ein Mangel entstehen kann.","_et_gb_content_width":""},"product_brand":[],"product_cat":[143,51],"product_tag":[],"class_list":{"0":"post-7768","1":"product","2":"type-product","3":"status-publish","4":"has-post-thumbnail","6":"product_cat-all-products","7":"product_cat-vitamin-d3-b12bk2","9":"first","10":"outofstock","11":"taxable","12":"shipping-taxable","13":"purchasable","14":"product-type-simple"},"yoast_head":"<!-- This site is optimized with the Yoast SEO plugin v26.5 - https:\/\/yoast.com\/wordpress\/plugins\/seo\/ -->\n<title>Vitamin B12 - 1750 Tropfen = 50ml<\/title>\n<meta name=\"description\" content=\"Vitamin B12 ist ein essentielles Vitamin und z\u00e4hlt zu der Gruppe der B-Vitamine (B-Komplex), welche alle als Vorstufen f\u00fcr Koenzyme dienen.\" \/>\n<meta name=\"robots\" content=\"index, follow, max-snippet:-1, max-image-preview:large, max-video-preview:-1\" \/>\n<link rel=\"canonical\" href=\"https:\/\/www.shop4well.com\/produkt\/vitamin-b12-1750-tropfen-50ml\/\" \/>\n<meta property=\"og:locale\" content=\"fr_FR\" \/>\n<meta property=\"og:type\" content=\"article\" \/>\n<meta property=\"og:title\" content=\"Vitamin B12 - 1750 Tropfen = 50ml\" \/>\n<meta property=\"og:description\" content=\"Vitamin B12 ist ein essentielles Vitamin und z\u00e4hlt zu der Gruppe der B-Vitamine (B-Komplex), welche alle als Vorstufen f\u00fcr Koenzyme dienen.\" \/>\n<meta property=\"og:url\" content=\"https:\/\/www.shop4well.com\/produkt\/vitamin-b12-1750-tropfen-50ml\/\" \/>\n<meta property=\"og:site_name\" content=\"shop4well\" \/>\n<meta property=\"article:modified_time\" content=\"2024-10-23T09:31:46+00:00\" \/>\n<meta property=\"og:image\" content=\"https:\/\/www.shop4well.com\/wp-content\/uploads\/2022\/05\/vitaminb12.jpg\" \/>\n\t<meta property=\"og:image:width\" content=\"768\" \/>\n\t<meta property=\"og:image:height\" content=\"768\" \/>\n\t<meta property=\"og:image:type\" content=\"image\/jpeg\" \/>\n<meta name=\"twitter:card\" content=\"summary_large_image\" \/>\n<meta name=\"twitter:label1\" content=\"Dur\u00e9e de lecture estim\u00e9e\" \/>\n\t<meta name=\"twitter:data1\" content=\"5 minutes\" \/>\n<!-- \/ Yoast SEO plugin. -->","yoast_head_json":{"title":"Vitamin B12 - 1750 Tropfen = 50ml","description":"Vitamin B12 ist ein essentielles Vitamin und z\u00e4hlt zu der Gruppe der B-Vitamine (B-Komplex), welche alle als Vorstufen f\u00fcr Koenzyme dienen.","robots":{"index":"index","follow":"follow","max-snippet":"max-snippet:-1","max-image-preview":"max-image-preview:large","max-video-preview":"max-video-preview:-1"},"canonical":"https:\/\/www.shop4well.com\/produkt\/vitamin-b12-1750-tropfen-50ml\/","og_locale":"fr_FR","og_type":"article","og_title":"Vitamin B12 - 1750 Tropfen = 50ml","og_description":"Vitamin B12 ist ein essentielles Vitamin und z\u00e4hlt zu der Gruppe der B-Vitamine (B-Komplex), welche alle als Vorstufen f\u00fcr Koenzyme dienen.","og_url":"https:\/\/www.shop4well.com\/produkt\/vitamin-b12-1750-tropfen-50ml\/","og_site_name":"shop4well","article_modified_time":"2024-10-23T09:31:46+00:00","og_image":[{"width":768,"height":768,"url":"https:\/\/www.shop4well.com\/wp-content\/uploads\/2022\/05\/vitaminb12.jpg","type":"image\/jpeg"}],"twitter_card":"summary_large_image","twitter_misc":{"Dur\u00e9e de lecture estim\u00e9e":"5 minutes"},"schema":{"@context":"https:\/\/schema.org","@graph":[{"@type":"WebPage","@id":"https:\/\/www.shop4well.com\/produkt\/vitamin-b12-1750-tropfen-50ml\/","url":"https:\/\/www.shop4well.com\/produkt\/vitamin-b12-1750-tropfen-50ml\/","name":"Vitamin B12 - 1750 Tropfen = 50ml","isPartOf":{"@id":"https:\/\/www.shop4well.com\/#website"},"primaryImageOfPage":{"@id":"https:\/\/www.shop4well.com\/produkt\/vitamin-b12-1750-tropfen-50ml\/#primaryimage"},"image":{"@id":"https:\/\/www.shop4well.com\/produkt\/vitamin-b12-1750-tropfen-50ml\/#primaryimage"},"thumbnailUrl":"https:\/\/i0.wp.com\/www.shop4well.com\/wp-content\/uploads\/2022\/05\/vitaminb12.jpg?fit=768%2C768&ssl=1","datePublished":"2022-05-05T15:37:56+00:00","dateModified":"2024-10-23T09:31:46+00:00","description":"Vitamin B12 ist ein essentielles Vitamin und z\u00e4hlt zu der Gruppe der B-Vitamine (B-Komplex), welche alle als Vorstufen f\u00fcr Koenzyme dienen.","breadcrumb":{"@id":"https:\/\/www.shop4well.com\/produkt\/vitamin-b12-1750-tropfen-50ml\/#breadcrumb"},"inLanguage":"fr-FR","potentialAction":[{"@type":"ReadAction","target":["https:\/\/www.shop4well.com\/produkt\/vitamin-b12-1750-tropfen-50ml\/"]}]},{"@type":"ImageObject","inLanguage":"fr-FR","@id":"https:\/\/www.shop4well.com\/produkt\/vitamin-b12-1750-tropfen-50ml\/#primaryimage","url":"https:\/\/i0.wp.com\/www.shop4well.com\/wp-content\/uploads\/2022\/05\/vitaminb12.jpg?fit=768%2C768&ssl=1","contentUrl":"https:\/\/i0.wp.com\/www.shop4well.com\/wp-content\/uploads\/2022\/05\/vitaminb12.jpg?fit=768%2C768&ssl=1","width":768,"height":768,"caption":"Vitamin B12 shop4well.com"},{"@type":"BreadcrumbList","@id":"https:\/\/www.shop4well.com\/produkt\/vitamin-b12-1750-tropfen-50ml\/#breadcrumb","itemListElement":[{"@type":"ListItem","position":1,"name":"Startseite","item":"https:\/\/www.shop4well.com\/fr\/"},{"@type":"ListItem","position":2,"name":"shop4well","item":"https:\/\/www.shop4well.com\/fr\/"},{"@type":"ListItem","position":3,"name":"Vitamin B12 &#8211; 1750 Tropfen = 50ml"}]},{"@type":"WebSite","@id":"https:\/\/www.shop4well.com\/#website","url":"https:\/\/www.shop4well.com\/","name":"shop4well","description":"Shop f\u00fcr Nahrungserg\u00e4nungsmittel sowie Infos","publisher":{"@id":"https:\/\/www.shop4well.com\/#organization"},"potentialAction":[{"@type":"SearchAction","target":{"@type":"EntryPoint","urlTemplate":"https:\/\/www.shop4well.com\/?s={search_term_string}"},"query-input":{"@type":"PropertyValueSpecification","valueRequired":true,"valueName":"search_term_string"}}],"inLanguage":"fr-FR"},{"@type":"Organization","@id":"https:\/\/www.shop4well.com\/#organization","name":"shop4well.com","url":"https:\/\/www.shop4well.com\/","logo":{"@type":"ImageObject","inLanguage":"fr-FR","@id":"https:\/\/www.shop4well.com\/#\/schema\/logo\/image\/","url":"https:\/\/www.shop4well.com\/wp-content\/uploads\/2019\/06\/logo_shop4well.png","contentUrl":"https:\/\/www.shop4well.com\/wp-content\/uploads\/2019\/06\/logo_shop4well.png","width":258,"height":145,"caption":"shop4well.com"},"image":{"@id":"https:\/\/www.shop4well.com\/#\/schema\/logo\/image\/"}}]}},"jetpack_sharing_enabled":true,"_links":{"self":[{"href":"https:\/\/www.shop4well.com\/fr\/wp-json\/wp\/v2\/product\/7768","targetHints":{"allow":["GET"]}}],"collection":[{"href":"https:\/\/www.shop4well.com\/fr\/wp-json\/wp\/v2\/product"}],"about":[{"href":"https:\/\/www.shop4well.com\/fr\/wp-json\/wp\/v2\/types\/product"}],"replies":[{"embeddable":true,"href":"https:\/\/www.shop4well.com\/fr\/wp-json\/wp\/v2\/comments?post=7768"}],"wp:featuredmedia":[{"embeddable":true,"href":"https:\/\/www.shop4well.com\/fr\/wp-json\/wp\/v2\/media\/7772"}],"wp:attachment":[{"href":"https:\/\/www.shop4well.com\/fr\/wp-json\/wp\/v2\/media?parent=7768"}],"wp:term":[{"taxonomy":"product_brand","embeddable":true,"href":"https:\/\/www.shop4well.com\/fr\/wp-json\/wp\/v2\/product_brand?post=7768"},{"taxonomy":"product_cat","embeddable":true,"href":"https:\/\/www.shop4well.com\/fr\/wp-json\/wp\/v2\/product_cat?post=7768"},{"taxonomy":"product_tag","embeddable":true,"href":"https:\/\/www.shop4well.com\/fr\/wp-json\/wp\/v2\/product_tag?post=7768"}],"curies":[{"name":"wp","href":"https:\/\/api.w.org\/{rel}","templated":true}]}}