{"id":3512,"date":"2021-06-17T20:04:47","date_gmt":"2021-06-17T18:04:47","guid":{"rendered":"https:\/\/www.shop4well.com\/mon-compte\/"},"modified":"2022-01-23T09:51:40","modified_gmt":"2022-01-23T08:51:40","slug":"mon-compte","status":"publish","type":"page","link":"https:\/\/www.shop4well.com\/fr\/mon-compte\/","title":{"rendered":"Mon compte"},"content":{"rendered":"[et_pb_section fb_built=\u00a0\u00bb1&Prime; custom_padding_last_edited=\u00a0\u00bbon|tablet\u00a0\u00bb next_background_color=\u00a0\u00bb#ffffff\u00a0\u00bb admin_label=\u00a0\u00bbHero\u00a0\u00bb _builder_version=\u00a0\u00bb4.3.2&Prime; use_background_color_gradient=\u00a0\u00bbon\u00a0\u00bb background_color_gradient_start=\u00a0\u00bbrgba(255,255,255,0)\u00a0\u00bb background_color_gradient_end=\u00a0\u00bbrgba(1,77,183,0.9)\u00a0\u00bb background_color_gradient_type=\u00a0\u00bbradial\u00a0\u00bb background_color_gradient_direction_radial=\u00a0\u00bbtop right\u00a0\u00bb background_color_gradient_start_position=\u00a0\u00bb20%\u00a0\u00bb background_color_gradient_overlays_image=\u00a0\u00bbon\u00a0\u00bb background_image=\u00a0\u00bbhttps:\/\/www.shop4well.com\/wp-content\/uploads\/2019\/10\/header_natur.jpg\u00a0\u00bb custom_padding=\u00a0\u00bb27px|0px|0px|0px|false|false\u00a0\u00bb custom_padding_tablet=\u00a0\u00bb50px||50px||true\u00a0\u00bb custom_padding_phone=\u00a0\u00bb|||\u00a0\u00bb bottom_divider_style=\u00a0\u00bbasymmetric\u00a0\u00bb bottom_divider_height=\u00a0\u00bb50px\u00a0\u00bb bottom_divider_flip=\u00a0\u00bbhorizontal\u00a0\u00bb bottom_divider_height_tablet=\u00a0\u00bb90px\u00a0\u00bb bottom_divider_height_phone=\u00a0\u00bb80px\u00a0\u00bb global_module=\u00a0\u00bb490&Prime; saved_tabs=\u00a0\u00bball\u00a0\u00bb collapsed=\u00a0\u00bboff\u00a0\u00bb global_colors_info=\u00a0\u00bb{}\u00a0\u00bb][et_pb_row column_structure=\u00a0\u00bb1_3,1_3,1_3&Prime; _builder_version=\u00a0\u00bb4.3.2&Prime; custom_width_px=\u00a0\u00bb1280px\u00a0\u00bb global_colors_info=\u00a0\u00bb{}\u00a0\u00bb][et_pb_column type=\u00a0\u00bb1_3&Prime; _builder_version=\u00a0\u00bb3.25&Prime; custom_padding=\u00a0\u00bb|||\u00a0\u00bb global_colors_info=\u00a0\u00bb{}\u00a0\u00bb custom_padding__hover=\u00a0\u00bb|||\u00a0\u00bb][et_pb_text _builder_version=\u00a0\u00bb4.3.2&Prime; text_font=\u00a0\u00bbMontserrat||||||||\u00a0\u00bb text_text_color=\u00a0\u00bbrgba(255,255,255,0.7)\u00a0\u00bb text_font_size=\u00a0\u00bb20px\u00a0\u00bb text_line_height=\u00a0\u00bb1.8em\u00a0\u00bb header_font=\u00a0\u00bbMontserrat|700|||||||\u00a0\u00bb header_font_size=\u00a0\u00bb44px\u00a0\u00bb header_line_height=\u00a0\u00bb1.4em\u00a0\u00bb header_6_font=\u00a0\u00bbMontserrat|600||on|||||\u00a0\u00bb header_6_text_color=\u00a0\u00bbrgba(255,255,255,0.7)\u00a0\u00bb header_6_font_size=\u00a0\u00bb16px\u00a0\u00bb header_6_letter_spacing=\u00a0\u00bb2px\u00a0\u00bb header_6_line_height=\u00a0\u00bb1.5em\u00a0\u00bb background_layout=\u00a0\u00bbdark\u00a0\u00bb max_width=\u00a0\u00bb780px\u00a0\u00bb text_font_size_tablet=\u00a0\u00bb\u00a0\u00bb text_font_size_phone=\u00a0\u00bb15px\u00a0\u00bb text_font_size_last_edited=\u00a0\u00bbon|phone\u00a0\u00bb header_font_size_tablet=\u00a0\u00bb\u00a0\u00bb header_font_size_phone=\u00a0\u00bb28px\u00a0\u00bb header_font_size_last_edited=\u00a0\u00bbon|phone\u00a0\u00bb global_colors_info=\u00a0\u00bb{}\u00a0\u00bb]<p><img data-recalc-dims=\"1\" loading=\"lazy\" decoding=\"async\" src=\"https:\/\/i0.wp.com\/www.shop4well.com\/wp-content\/uploads\/2019\/07\/Logo_shop4well.png?resize=258%2C145&#038;ssl=1\" alt=\"\" class=\"wp-image-3343 alignnone size-full\" width=\"258\" height=\"145\"><\/p>[\/et_pb_text][\/et_pb_column][et_pb_column type=\u00a0\u00bb1_3&Prime; _builder_version=\u00a0\u00bb4.4.1&Prime; global_colors_info=\u00a0\u00bb{}\u00a0\u00bb][et_pb_text _builder_version=\u00a0\u00bb4.4.1&Prime; global_colors_info=\u00a0\u00bb{}\u00a0\u00bb]<p><span style=\"color: #ffffff;\">Nous sommes fiers d&rsquo;affirmer que 98 % des commandes sont livr\u00e9es dans les 3 jours ouvrables suivant la r\u00e9ception du paiement. Ceci s&rsquo;applique \u00e9galement \u00e0 nos clients suisses.<\/span><\/p>[\/et_pb_text][\/et_pb_column][et_pb_column type=\u00a0\u00bb1_3&Prime; _builder_version=\u00a0\u00bb4.3.2&Prime; global_colors_info=\u00a0\u00bb{}\u00a0\u00bb][et_pb_image src=\u00a0\u00bbhttps:\/\/www.shop4well.com\/wp-content\/uploads\/2020\/02\/Versand_kostenfreie_Lieferung.png\u00a0\u00bb align=\u00a0\u00bbcenter\u00a0\u00bb _builder_version=\u00a0\u00bb4.4.1&Prime; width=\u00a0\u00bb100%\u00a0\u00bb max_width=\u00a0\u00bb45%\u00a0\u00bb global_colors_info=\u00a0\u00bb{}\u00a0\u00bb][\/et_pb_image][\/et_pb_column][\/et_pb_row][\/et_pb_section][et_pb_section fb_built=\u00a0\u00bb1&Prime; admin_label=\u00a0\u00bbsection\u00a0\u00bb _builder_version=\u00a0\u00bb3.22&Prime; global_colors_info=\u00a0\u00bb{}\u00a0\u00bb][et_pb_row admin_label=\u00a0\u00bbrow\u00a0\u00bb _builder_version=\u00a0\u00bb3.25&Prime; background_size=\u00a0\u00bbinitial\u00a0\u00bb background_position=\u00a0\u00bbtop_left\u00a0\u00bb background_repeat=\u00a0\u00bbrepeat\u00a0\u00bb global_colors_info=\u00a0\u00bb{}\u00a0\u00bb][et_pb_column type=\u00a0\u00bb4_4&Prime; _builder_version=\u00a0\u00bb3.25&Prime; custom_padding=\u00a0\u00bb|||\u00a0\u00bb global_colors_info=\u00a0\u00bb{}\u00a0\u00bb custom_padding__hover=\u00a0\u00bb|||\u00a0\u00bb][et_pb_text admin_label=\u00a0\u00bbText\u00a0\u00bb _builder_version=\u00a0\u00bb3.27.4&Prime; background_size=\u00a0\u00bbinitial\u00a0\u00bb background_position=\u00a0\u00bbtop_left\u00a0\u00bb background_repeat=\u00a0\u00bbrepeat\u00a0\u00bb global_colors_info=\u00a0\u00bb{}\u00a0\u00bb]<div class=\"woocommerce\"><\/div>\n[\/et_pb_text][\/et_pb_column][\/et_pb_row][\/et_pb_section]","protected":false},"excerpt":{"rendered":"<p>Nous sommes fiers d&rsquo;affirmer que 98 % des commandes sont livr\u00e9es dans les 3 jours ouvrables suivant la r\u00e9ception du paiement. Ceci s&rsquo;applique \u00e9galement \u00e0 nos clients suisses.<div class=\"woocommerce\"><\/div><\/p>\n","protected":false},"author":1,"featured_media":0,"parent":0,"menu_order":0,"comment_status":"closed","ping_status":"closed","template":"","meta":{"_et_pb_use_builder":"on","_et_pb_old_content":"","_et_gb_content_width":"","footnotes":""},"class_list":["post-3512","page","type-page","status-publish","hentry"],"yoast_head":"<!-- This site is optimized with the Yoast SEO plugin v26.5 - https:\/\/yoast.com\/wordpress\/plugins\/seo\/ -->\n<title>Shop4well - DMSO, Magnesium, CDL (Chlordioxid), Vitamin D3, Vitamin K2, Borax (Bor)<\/title>\n<meta name=\"description\" content=\"Shop4well shop f\u00fcr Nahrungserg\u00e4nzung. Viele Substanzen wie DMSO, verschiedenen Magnesiumformen, Sprays, CDL (Chlordioxid), Vitamin D3, Vitamin K2, Borax (Bor) und vieles mehr.\" \/>\n<meta name=\"robots\" content=\"index, follow, max-snippet:-1, max-image-preview:large, max-video-preview:-1\" \/>\n<link rel=\"canonical\" href=\"https:\/\/www.shop4well.com\/fr\/mon-compte\/\" \/>\n<meta property=\"og:locale\" content=\"fr_FR\" \/>\n<meta property=\"og:type\" content=\"article\" \/>\n<meta property=\"og:title\" content=\"Shop4well - DMSO, Magnesium, CDL (Chlordioxid), Vitamin D3, Vitamin K2, Borax (Bor)\" \/>\n<meta property=\"og:description\" content=\"Shop4well shop f\u00fcr Nahrungserg\u00e4nzung. Viele Substanzen wie DMSO, verschiedenen Magnesiumformen, Sprays, CDL (Chlordioxid), Vitamin D3, Vitamin K2, Borax (Bor) und vieles mehr.\" \/>\n<meta property=\"og:url\" content=\"https:\/\/www.shop4well.com\/fr\/mon-compte\/\" \/>\n<meta property=\"og:site_name\" content=\"shop4well\" \/>\n<meta property=\"article:modified_time\" content=\"2022-01-23T08:51:40+00:00\" \/>\n<meta property=\"og:image\" content=\"https:\/\/www.shop4well.com\/wp-content\/uploads\/2019\/07\/Logo_shop4well.png\" \/>\n<meta name=\"twitter:card\" content=\"summary_large_image\" \/>\n<meta name=\"twitter:label1\" content=\"Dur\u00e9e de lecture estim\u00e9e\" \/>\n\t<meta name=\"twitter:data1\" content=\"2 minutes\" \/>\n<!-- \/ Yoast SEO plugin. -->","yoast_head_json":{"title":"Shop4well - DMSO, Magnesium, CDL (Chlordioxid), Vitamin D3, Vitamin K2, Borax (Bor)","description":"Shop4well shop f\u00fcr Nahrungserg\u00e4nzung. Viele Substanzen wie DMSO, verschiedenen Magnesiumformen, Sprays, CDL (Chlordioxid), Vitamin D3, Vitamin K2, Borax (Bor) und vieles mehr.","robots":{"index":"index","follow":"follow","max-snippet":"max-snippet:-1","max-image-preview":"max-image-preview:large","max-video-preview":"max-video-preview:-1"},"canonical":"https:\/\/www.shop4well.com\/fr\/mon-compte\/","og_locale":"fr_FR","og_type":"article","og_title":"Shop4well - DMSO, Magnesium, CDL (Chlordioxid), Vitamin D3, Vitamin K2, Borax (Bor)","og_description":"Shop4well shop f\u00fcr Nahrungserg\u00e4nzung. Viele Substanzen wie DMSO, verschiedenen Magnesiumformen, Sprays, CDL (Chlordioxid), Vitamin D3, Vitamin K2, Borax (Bor) und vieles mehr.","og_url":"https:\/\/www.shop4well.com\/fr\/mon-compte\/","og_site_name":"shop4well","article_modified_time":"2022-01-23T08:51:40+00:00","og_image":[{"url":"https:\/\/www.shop4well.com\/wp-content\/uploads\/2019\/07\/Logo_shop4well.png","type":"","width":"","height":""}],"twitter_card":"summary_large_image","twitter_misc":{"Dur\u00e9e de lecture estim\u00e9e":"2 minutes"},"schema":{"@context":"https:\/\/schema.org","@graph":[{"@type":"WebPage","@id":"https:\/\/www.shop4well.com\/fr\/mon-compte\/","url":"https:\/\/www.shop4well.com\/fr\/mon-compte\/","name":"Shop4well - DMSO, Magnesium, CDL (Chlordioxid), Vitamin D3, Vitamin K2, Borax (Bor)","isPartOf":{"@id":"https:\/\/www.shop4well.com\/#website"},"primaryImageOfPage":{"@id":"https:\/\/www.shop4well.com\/fr\/mon-compte\/#primaryimage"},"image":{"@id":"https:\/\/www.shop4well.com\/fr\/mon-compte\/#primaryimage"},"thumbnailUrl":"https:\/\/www.shop4well.com\/wp-content\/uploads\/2019\/07\/Logo_shop4well.png","datePublished":"2021-06-17T18:04:47+00:00","dateModified":"2022-01-23T08:51:40+00:00","description":"Shop4well shop f\u00fcr Nahrungserg\u00e4nzung. Viele Substanzen wie DMSO, verschiedenen Magnesiumformen, Sprays, CDL (Chlordioxid), Vitamin D3, Vitamin K2, Borax (Bor) und vieles mehr.","breadcrumb":{"@id":"https:\/\/www.shop4well.com\/fr\/mon-compte\/#breadcrumb"},"inLanguage":"fr-FR","potentialAction":[{"@type":"ReadAction","target":["https:\/\/www.shop4well.com\/fr\/mon-compte\/"]}]},{"@type":"ImageObject","inLanguage":"fr-FR","@id":"https:\/\/www.shop4well.com\/fr\/mon-compte\/#primaryimage","url":"https:\/\/www.shop4well.com\/wp-content\/uploads\/2019\/07\/Logo_shop4well.png","contentUrl":"https:\/\/www.shop4well.com\/wp-content\/uploads\/2019\/07\/Logo_shop4well.png"},{"@type":"BreadcrumbList","@id":"https:\/\/www.shop4well.com\/fr\/mon-compte\/#breadcrumb","itemListElement":[{"@type":"ListItem","position":1,"name":"Startseite","item":"https:\/\/www.shop4well.com\/fr\/"},{"@type":"ListItem","position":2,"name":"Mon compte"}]},{"@type":"WebSite","@id":"https:\/\/www.shop4well.com\/#website","url":"https:\/\/www.shop4well.com\/","name":"shop4well","description":"Shop f\u00fcr Nahrungserg\u00e4nungsmittel sowie Infos","publisher":{"@id":"https:\/\/www.shop4well.com\/#organization"},"potentialAction":[{"@type":"SearchAction","target":{"@type":"EntryPoint","urlTemplate":"https:\/\/www.shop4well.com\/?s={search_term_string}"},"query-input":{"@type":"PropertyValueSpecification","valueRequired":true,"valueName":"search_term_string"}}],"inLanguage":"fr-FR"},{"@type":"Organization","@id":"https:\/\/www.shop4well.com\/#organization","name":"shop4well.com","url":"https:\/\/www.shop4well.com\/","logo":{"@type":"ImageObject","inLanguage":"fr-FR","@id":"https:\/\/www.shop4well.com\/#\/schema\/logo\/image\/","url":"https:\/\/www.shop4well.com\/wp-content\/uploads\/2019\/06\/logo_shop4well.png","contentUrl":"https:\/\/www.shop4well.com\/wp-content\/uploads\/2019\/06\/logo_shop4well.png","width":258,"height":145,"caption":"shop4well.com"},"image":{"@id":"https:\/\/www.shop4well.com\/#\/schema\/logo\/image\/"}}]}},"jetpack_sharing_enabled":true,"_links":{"self":[{"href":"https:\/\/www.shop4well.com\/fr\/wp-json\/wp\/v2\/pages\/3512","targetHints":{"allow":["GET"]}}],"collection":[{"href":"https:\/\/www.shop4well.com\/fr\/wp-json\/wp\/v2\/pages"}],"about":[{"href":"https:\/\/www.shop4well.com\/fr\/wp-json\/wp\/v2\/types\/page"}],"author":[{"embeddable":true,"href":"https:\/\/www.shop4well.com\/fr\/wp-json\/wp\/v2\/users\/1"}],"replies":[{"embeddable":true,"href":"https:\/\/www.shop4well.com\/fr\/wp-json\/wp\/v2\/comments?post=3512"}],"version-history":[{"count":4,"href":"https:\/\/www.shop4well.com\/fr\/wp-json\/wp\/v2\/pages\/3512\/revisions"}],"predecessor-version":[{"id":6612,"href":"https:\/\/www.shop4well.com\/fr\/wp-json\/wp\/v2\/pages\/3512\/revisions\/6612"}],"wp:attachment":[{"href":"https:\/\/www.shop4well.com\/fr\/wp-json\/wp\/v2\/media?parent=3512"}],"curies":[{"name":"wp","href":"https:\/\/api.w.org\/{rel}","templated":true}]}}