{"id":7718,"date":"2022-05-04T12:34:20","date_gmt":"2022-05-04T10:34:20","guid":{"rendered":"https:\/\/www.shop4well.com\/?post_type=product&#038;p=7718"},"modified":"2023-12-22T12:39:36","modified_gmt":"2023-12-22T11:39:36","slug":"zeolite-clinoptilolite-500gr","status":"publish","type":"product","link":"https:\/\/www.shop4well.com\/en\/shop\/zeolite-clinoptilolite-500gr\/","title":{"rendered":"Zeolite Clinoptilolite 500gr"},"content":{"rendered":"<p>[et_pb_section fb_built=&#8221;1&#8243; custom_padding_last_edited=&#8221;on|tablet&#8221; next_background_color=&#8221;#ffffff&#8221; admin_label=&#8221;Hero&#8221; _builder_version=&#8221;4.16&#8243; use_background_color_gradient=&#8221;on&#8221; background_color_gradient_type=&#8221;circular&#8221; background_color_gradient_direction_radial=&#8221;top right&#8221; background_color_gradient_stops=&#8221;rgba(255,255,255,0) 20%|rgba(1,77,183,0.9) 100%&#8221; background_color_gradient_overlays_image=&#8221;on&#8221; background_color_gradient_start=&#8221;rgba(255,255,255,0)&#8221; background_color_gradient_start_position=&#8221;20%&#8221; background_color_gradient_end=&#8221;rgba(1,77,183,0.9)&#8221; background_image=&#8221;https:\/\/www.shop4well.com\/wp-content\/uploads\/2019\/10\/header_natur.jpg&#8221; custom_padding=&#8221;27px|0px|0px|0px|false|false&#8221; custom_padding_tablet=&#8221;50px||50px||true&#8221; custom_padding_phone=&#8221;|||&#8221; bottom_divider_style=&#8221;asymmetric&#8221; bottom_divider_height=&#8221;50px&#8221; bottom_divider_flip=&#8221;horizontal&#8221; bottom_divider_height_tablet=&#8221;90px&#8221; bottom_divider_height_phone=&#8221;80px&#8221; background_color_gradient_stops_tablet=&#8221;rgba(255,255,255,0) 20%|rgba(1,77,183,0.9) 100%&#8221; background_color_gradient_stops_phone=&#8221;rgba(255,255,255,0) 20%|rgba(1,77,183,0.9) 100%&#8221; global_module=&#8221;490&#8243; saved_tabs=&#8221;all&#8221; collapsed=&#8221;off&#8221; global_colors_info=&#8221;{}&#8221;][et_pb_row column_structure=&#8221;1_3,1_3,1_3&#8243; _builder_version=&#8221;4.16&#8243; custom_width_px=&#8221;1280px&#8221; global_colors_info=&#8221;{}&#8221;][et_pb_column type=&#8221;1_3&#8243; _builder_version=&#8221;4.16&#8243; custom_padding=&#8221;|||&#8221; global_colors_info=&#8221;{}&#8221; custom_padding__hover=&#8221;|||&#8221;][et_pb_text _builder_version=&#8221;4.16&#8243; text_font=&#8221;Montserrat||||||||&#8221; text_text_color=&#8221;rgba(255,255,255,0.7)&#8221; text_font_size=&#8221;20px&#8221; text_line_height=&#8221;1.8em&#8221; header_font=&#8221;Montserrat|700|||||||&#8221; header_font_size=&#8221;44px&#8221; header_line_height=&#8221;1.4em&#8221; header_6_font=&#8221;Montserrat|600||on|||||&#8221; header_6_text_color=&#8221;rgba(255,255,255,0.7)&#8221; header_6_font_size=&#8221;16px&#8221; header_6_letter_spacing=&#8221;2px&#8221; header_6_line_height=&#8221;1.5em&#8221; background_layout=&#8221;dark&#8221; max_width=&#8221;780px&#8221; text_font_size_tablet=&#8221;&#8221; text_font_size_phone=&#8221;15px&#8221; text_font_size_last_edited=&#8221;on|phone&#8221; header_font_size_tablet=&#8221;&#8221; header_font_size_phone=&#8221;28px&#8221; header_font_size_last_edited=&#8221;on|phone&#8221; global_colors_info=&#8221;{}&#8221;]<\/p>\n<p><img data-recalc-dims=\"1\" loading=\"lazy\" decoding=\"async\" src=\"https:\/\/i0.wp.com\/www.shop4well.com\/wp-content\/uploads\/2019\/07\/Logo_shop4well.png?resize=258%2C145&#038;ssl=1\" alt=\"\" class=\"wp-image-125 alignnone size-full\" width=\"258\" height=\"145\"><\/p>\n<p>[\/et_pb_text][\/et_pb_column][et_pb_column type=&#8221;1_3&#8243; _builder_version=&#8221;4.16&#8243; global_colors_info=&#8221;{}&#8221;][et_pb_text _builder_version=&#8221;4.16&#8243; global_colors_info=&#8221;{}&#8221;]<\/p>\n<p><span style=\"color: #ffffff\">We are proud to say that 98% of all orders arrive within 3 working days after receipt of payment. This also applies to our Swiss customers.<\/span><\/p>\n<p>[\/et_pb_text][\/et_pb_column][et_pb_column type=&#8221;1_3&#8243; _builder_version=&#8221;4.16&#8243; global_colors_info=&#8221;{}&#8221;][et_pb_image src=&#8221;https:\/\/www.shop4well.com\/wp-content\/uploads\/2020\/02\/Versand_kostenfreie_Lieferung.png&#8221; align=&#8221;center&#8221; _builder_version=&#8221;4.16&#8243; width=&#8221;100%&#8221; max_width=&#8221;45%&#8221; global_colors_info=&#8221;{}&#8221;][\/et_pb_image][\/et_pb_column][\/et_pb_row][\/et_pb_section][et_pb_section fb_built=&#8221;1&#8243; _builder_version=&#8221;4.16&#8243; custom_padding=&#8221;0px||||false|false&#8221; global_colors_info=&#8221;{}&#8221;][et_pb_row _builder_version=&#8221;4.16&#8243; background_size=&#8221;initial&#8221; background_position=&#8221;top_left&#8221; background_repeat=&#8221;repeat&#8221; width=&#8221;100%&#8221; custom_padding=&#8221;0px||0px||false|false&#8221; global_colors_info=&#8221;{}&#8221;][et_pb_column type=&#8221;4_4&#8243; _builder_version=&#8221;4.16&#8243; custom_padding=&#8221;|||&#8221; global_colors_info=&#8221;{}&#8221; custom_padding__hover=&#8221;|||&#8221;][et_pb_wc_breadcrumb _builder_version=&#8221;4.16&#8243; global_colors_info=&#8221;{}&#8221;][\/et_pb_wc_breadcrumb][et_pb_wc_cart_notice _builder_version=&#8221;4.16&#8243; global_colors_info=&#8221;{}&#8221;][\/et_pb_wc_cart_notice][\/et_pb_column][\/et_pb_row][et_pb_row column_structure=&#8221;1_2,1_2&#8243; _builder_version=&#8221;4.16&#8243; background_size=&#8221;initial&#8221; background_position=&#8221;top_left&#8221; background_repeat=&#8221;repeat&#8221; width=&#8221;100%&#8221; custom_padding=&#8221;0px||||false|false&#8221; global_colors_info=&#8221;{}&#8221;][et_pb_column type=&#8221;1_2&#8243; _builder_version=&#8221;4.16&#8243; custom_padding=&#8221;|||&#8221; global_colors_info=&#8221;{}&#8221; custom_padding__hover=&#8221;|||&#8221;][et_pb_wc_images _builder_version=&#8221;4.16&#8243; global_colors_info=&#8221;{}&#8221;][\/et_pb_wc_images][\/et_pb_column][et_pb_column type=&#8221;1_2&#8243; _builder_version=&#8221;4.16&#8243; custom_padding=&#8221;|||&#8221; global_colors_info=&#8221;{}&#8221; custom_padding__hover=&#8221;|||&#8221;][et_pb_wc_title _builder_version=&#8221;4.16&#8243; global_colors_info=&#8221;{}&#8221;][\/et_pb_wc_title][et_pb_wc_rating _builder_version=&#8221;4.16&#8243; global_colors_info=&#8221;{}&#8221;][\/et_pb_wc_rating][et_pb_wc_price _builder_version=&#8221;4.16&#8243; global_colors_info=&#8221;{}&#8221;][\/et_pb_wc_price][et_pb_wc_description _builder_version=&#8221;4.16&#8243; global_colors_info=&#8221;{}&#8221;][\/et_pb_wc_description][et_pb_wc_add_to_cart _builder_version=&#8221;4.16&#8243; global_colors_info=&#8221;{}&#8221;][\/et_pb_wc_add_to_cart][et_pb_wc_meta _builder_version=&#8221;4.16&#8243; global_colors_info=&#8221;{}&#8221;][\/et_pb_wc_meta][\/et_pb_column][\/et_pb_row][et_pb_row _builder_version=&#8221;4.16&#8243; background_size=&#8221;initial&#8221; background_position=&#8221;top_left&#8221; background_repeat=&#8221;repeat&#8221; width=&#8221;100%&#8221; global_colors_info=&#8221;{}&#8221;][et_pb_column type=&#8221;4_4&#8243; _builder_version=&#8221;4.16&#8243; custom_padding=&#8221;|||&#8221; global_colors_info=&#8221;{}&#8221; custom_padding__hover=&#8221;|||&#8221;][et_pb_wc_tabs _builder_version=&#8221;4.16&#8243; global_colors_info=&#8221;{}&#8221;]\t\t\t\t\t[\/et_pb_wc_tabs][et_pb_wc_upsells _builder_version=&#8221;4.16&#8243; global_colors_info=&#8221;{}&#8221;][\/et_pb_wc_upsells][et_pb_wc_related_products _builder_version=&#8221;4.16&#8243; global_colors_info=&#8221;{}&#8221;][\/et_pb_wc_related_products][\/et_pb_column][\/et_pb_row][\/et_pb_section]<\/p>\n","protected":false},"excerpt":{"rendered":"<p>incl. VAT, free shipping<\/p>\n<p><strong>Amount:<\/strong> 500g<\/p>\n<hr \/>\n<p>Natural clinoptilolite zeolite<\/p>\n<p><strong>Content:<\/strong>Natural clinoptilolite zeolite with 90% clinoptilolite<br \/>\n<strong>Ingredients:<\/strong> None, 100% Natural<\/p>\n<hr \/>\n<p><span class=\"text\"><span style=\"color: #008000;\">available immediately<\/span><strong><br \/>\nDelivery time:<\/strong> in 1-3 Working days<br \/>\n<strong>Free shipping<\/strong><br \/>\n<\/span><img loading=\"lazy\" decoding=\"async\" class=\"alignnone wp-image-215\" src=\"https:\/\/www.shop4well.com\/wp-content\/uploads\/2019\/06\/swisspost_logo-300x88.png\" alt=\"\" width=\"146\" height=\"34\" \/><br \/>\n<strong>Payments:<\/strong><br \/>\n<img loading=\"lazy\" decoding=\"async\" class=\"alignnone wp-image-734 size-medium\" src=\"https:\/\/www.shop4well.com\/wp-content\/uploads\/2020\/03\/visa_mc_ae-300x36.png\" alt=\"\" width=\"300\" height=\"36\" srcset=\"https:\/\/i0.wp.com\/www.shop4well.com\/wp-content\/uploads\/2020\/03\/visa_mc_ae.png?resize=300%2C36&amp;ssl=1 300w, https:\/\/i0.wp.com\/www.shop4well.com\/wp-content\/uploads\/2020\/03\/visa_mc_ae.png?w=397&amp;ssl=1 397w\" sizes=\"(max-width: 300px) 100vw, 300px\" \/><\/p>\n","protected":false},"featured_media":7763,"comment_status":"open","ping_status":"closed","template":"","meta":{"_et_pb_use_builder":"on","_et_pb_old_content":"<div class=\"div_2\">\r\n<h2>Highlights auf einen Blick:<\/h2>\r\n<strong>HOHE REINHEIT:<\/strong> 500g Zeolith Pulver (K\u00f6rnung: 0-20\u00b5m) in wiederverschliessbaren Dosen\r\n\r\n<strong>K\u00f6rnung:<\/strong> 0-20 \u00b5m\r\n\r\n<strong>Herkunft:<\/strong> Slowakei\r\n\r\n<strong>VIELSEITIGE ANWENDUNG:<\/strong> Zeolith ist ein Meister der Entgiftung. Die fein vermahlene Mineralerde verf\u00fcgt gleich \u00fcber mehrere Mechanismen, mit denen sie Gifte befreien k\u00f6nnen. \u00c4hnlich wie ein Schwamm bindet Zeolith Giftstoffe an sich: S\u00e4uren, Schwermetalle, Darmgase, Bakteriengifte, Schimmelpilzgifte und viele mehr. Auch in der Medizin wird <em>Klinoptilolith-Zeolith<\/em> z.B. zur Herstellung von antiseptischen Binden eingesetzt\r\n\r\n<strong>Lagerung:<\/strong> Luftdicht, k\u00fchl, trocken\r\n\r\nBitte beachten Sie: In der EU ist Zeolith nicht als Lebensmittel zugelassen.\r\n\r\n<strong>Weitere Informatinen \u00fcber Zeolith<\/strong>: <a href=\"https:\/\/www.zentrum-der-gesundheit.de\/bibliothek\/naturheilkunde\/alternative-mittel\/zeolith\">https:\/\/www.zentrum-der-gesundheit.de\/bibliothek\/naturheilkunde\/alternative-mittel\/zeolith<\/a>\r\n\r\n<\/div>","_et_gb_content_width":""},"product_brand":[],"product_cat":[158,144],"product_tag":[],"class_list":{"0":"post-7718","1":"product","2":"type-product","3":"status-publish","4":"has-post-thumbnail","6":"product_cat-zeolith-en","7":"product_cat-all-products-en","9":"first","10":"instock","11":"taxable","12":"shipping-taxable","13":"purchasable","14":"product-type-simple"},"yoast_head":"<!-- This site is optimized with the Yoast SEO plugin v26.5 - https:\/\/yoast.com\/wordpress\/plugins\/seo\/ -->\n<title>Zeolite Clinoptilolite 500gr<\/title>\n<meta name=\"description\" content=\"pure natural clinoptilolite zeolite without any additives. The clinoptilolite zeolite is mined, dried, selected, crushed by specialized personnel using the latest technology.\" \/>\n<meta name=\"robots\" content=\"index, follow, max-snippet:-1, max-image-preview:large, max-video-preview:-1\" \/>\n<link rel=\"canonical\" href=\"https:\/\/www.shop4well.com\/en\/shop\/zeolite-clinoptilolite-500gr\/\" \/>\n<meta property=\"og:locale\" content=\"en_US\" \/>\n<meta property=\"og:type\" content=\"article\" \/>\n<meta property=\"og:title\" content=\"Zeolite Clinoptilolite 500gr\" \/>\n<meta property=\"og:description\" content=\"pure natural clinoptilolite zeolite without any additives. The clinoptilolite zeolite is mined, dried, selected, crushed by specialized personnel using the latest technology.\" \/>\n<meta property=\"og:url\" content=\"https:\/\/www.shop4well.com\/en\/shop\/zeolite-clinoptilolite-500gr\/\" \/>\n<meta property=\"og:site_name\" content=\"shop4well\" \/>\n<meta property=\"article:modified_time\" content=\"2023-12-22T11:39:36+00:00\" \/>\n<meta property=\"og:image\" content=\"https:\/\/www.shop4well.com\/wp-content\/uploads\/2022\/05\/zeolith-1.jpg\" \/>\n\t<meta property=\"og:image:width\" content=\"768\" \/>\n\t<meta property=\"og:image:height\" content=\"768\" \/>\n\t<meta property=\"og:image:type\" content=\"image\/jpeg\" \/>\n<meta name=\"twitter:card\" content=\"summary_large_image\" \/>\n<meta name=\"twitter:label1\" content=\"Est. reading time\" \/>\n\t<meta name=\"twitter:data1\" content=\"1 minute\" \/>\n<!-- \/ Yoast SEO plugin. -->","yoast_head_json":{"title":"Zeolite Clinoptilolite 500gr","description":"pure natural clinoptilolite zeolite without any additives. The clinoptilolite zeolite is mined, dried, selected, crushed by specialized personnel using the latest technology.","robots":{"index":"index","follow":"follow","max-snippet":"max-snippet:-1","max-image-preview":"max-image-preview:large","max-video-preview":"max-video-preview:-1"},"canonical":"https:\/\/www.shop4well.com\/en\/shop\/zeolite-clinoptilolite-500gr\/","og_locale":"en_US","og_type":"article","og_title":"Zeolite Clinoptilolite 500gr","og_description":"pure natural clinoptilolite zeolite without any additives. The clinoptilolite zeolite is mined, dried, selected, crushed by specialized personnel using the latest technology.","og_url":"https:\/\/www.shop4well.com\/en\/shop\/zeolite-clinoptilolite-500gr\/","og_site_name":"shop4well","article_modified_time":"2023-12-22T11:39:36+00:00","og_image":[{"width":768,"height":768,"url":"https:\/\/www.shop4well.com\/wp-content\/uploads\/2022\/05\/zeolith-1.jpg","type":"image\/jpeg"}],"twitter_card":"summary_large_image","twitter_misc":{"Est. reading time":"1 minute"},"schema":{"@context":"https:\/\/schema.org","@graph":[{"@type":"WebPage","@id":"https:\/\/www.shop4well.com\/en\/shop\/zeolite-clinoptilolite-500gr\/","url":"https:\/\/www.shop4well.com\/en\/shop\/zeolite-clinoptilolite-500gr\/","name":"Zeolite Clinoptilolite 500gr","isPartOf":{"@id":"https:\/\/www.shop4well.com\/#website"},"primaryImageOfPage":{"@id":"https:\/\/www.shop4well.com\/en\/shop\/zeolite-clinoptilolite-500gr\/#primaryimage"},"image":{"@id":"https:\/\/www.shop4well.com\/en\/shop\/zeolite-clinoptilolite-500gr\/#primaryimage"},"thumbnailUrl":"https:\/\/i0.wp.com\/www.shop4well.com\/wp-content\/uploads\/2022\/05\/zeolith-1.jpg?fit=768%2C768&ssl=1","datePublished":"2022-05-04T10:34:20+00:00","dateModified":"2023-12-22T11:39:36+00:00","description":"pure natural clinoptilolite zeolite without any additives. The clinoptilolite zeolite is mined, dried, selected, crushed by specialized personnel using the latest technology.","breadcrumb":{"@id":"https:\/\/www.shop4well.com\/en\/shop\/zeolite-clinoptilolite-500gr\/#breadcrumb"},"inLanguage":"en-US","potentialAction":[{"@type":"ReadAction","target":["https:\/\/www.shop4well.com\/en\/shop\/zeolite-clinoptilolite-500gr\/"]}]},{"@type":"ImageObject","inLanguage":"en-US","@id":"https:\/\/www.shop4well.com\/en\/shop\/zeolite-clinoptilolite-500gr\/#primaryimage","url":"https:\/\/i0.wp.com\/www.shop4well.com\/wp-content\/uploads\/2022\/05\/zeolith-1.jpg?fit=768%2C768&ssl=1","contentUrl":"https:\/\/i0.wp.com\/www.shop4well.com\/wp-content\/uploads\/2022\/05\/zeolith-1.jpg?fit=768%2C768&ssl=1","width":768,"height":768,"caption":"zeolith shop4well.com"},{"@type":"BreadcrumbList","@id":"https:\/\/www.shop4well.com\/en\/shop\/zeolite-clinoptilolite-500gr\/#breadcrumb","itemListElement":[{"@type":"ListItem","position":1,"name":"Startseite","item":"https:\/\/www.shop4well.com\/en\/"},{"@type":"ListItem","position":2,"name":"Shop","item":"https:\/\/www.shop4well.com\/en\/"},{"@type":"ListItem","position":3,"name":"Zeolite Clinoptilolite 500gr"}]},{"@type":"WebSite","@id":"https:\/\/www.shop4well.com\/#website","url":"https:\/\/www.shop4well.com\/","name":"shop4well","description":"Shop f\u00fcr Nahrungserg\u00e4nungsmittel sowie Infos","publisher":{"@id":"https:\/\/www.shop4well.com\/#organization"},"potentialAction":[{"@type":"SearchAction","target":{"@type":"EntryPoint","urlTemplate":"https:\/\/www.shop4well.com\/?s={search_term_string}"},"query-input":{"@type":"PropertyValueSpecification","valueRequired":true,"valueName":"search_term_string"}}],"inLanguage":"en-US"},{"@type":"Organization","@id":"https:\/\/www.shop4well.com\/#organization","name":"shop4well.com","url":"https:\/\/www.shop4well.com\/","logo":{"@type":"ImageObject","inLanguage":"en-US","@id":"https:\/\/www.shop4well.com\/#\/schema\/logo\/image\/","url":"https:\/\/www.shop4well.com\/wp-content\/uploads\/2019\/06\/logo_shop4well.png","contentUrl":"https:\/\/www.shop4well.com\/wp-content\/uploads\/2019\/06\/logo_shop4well.png","width":258,"height":145,"caption":"shop4well.com"},"image":{"@id":"https:\/\/www.shop4well.com\/#\/schema\/logo\/image\/"}}]}},"jetpack_sharing_enabled":true,"_links":{"self":[{"href":"https:\/\/www.shop4well.com\/en\/wp-json\/wp\/v2\/product\/7718","targetHints":{"allow":["GET"]}}],"collection":[{"href":"https:\/\/www.shop4well.com\/en\/wp-json\/wp\/v2\/product"}],"about":[{"href":"https:\/\/www.shop4well.com\/en\/wp-json\/wp\/v2\/types\/product"}],"replies":[{"embeddable":true,"href":"https:\/\/www.shop4well.com\/en\/wp-json\/wp\/v2\/comments?post=7718"}],"wp:featuredmedia":[{"embeddable":true,"href":"https:\/\/www.shop4well.com\/en\/wp-json\/wp\/v2\/media\/7763"}],"wp:attachment":[{"href":"https:\/\/www.shop4well.com\/en\/wp-json\/wp\/v2\/media?parent=7718"}],"wp:term":[{"taxonomy":"product_brand","embeddable":true,"href":"https:\/\/www.shop4well.com\/en\/wp-json\/wp\/v2\/product_brand?post=7718"},{"taxonomy":"product_cat","embeddable":true,"href":"https:\/\/www.shop4well.com\/en\/wp-json\/wp\/v2\/product_cat?post=7718"},{"taxonomy":"product_tag","embeddable":true,"href":"https:\/\/www.shop4well.com\/en\/wp-json\/wp\/v2\/product_tag?post=7718"}],"curies":[{"name":"wp","href":"https:\/\/api.w.org\/{rel}","templated":true}]}}